{"id":14,"date":"2019-08-01T19:25:44","date_gmt":"2019-08-01T17:25:44","guid":{"rendered":"http:\/\/metaldetoks.pl\/?page_id=14"},"modified":"2026-02-17T10:25:41","modified_gmt":"2026-02-17T09:25:41","slug":"konsultacje","status":"publish","type":"page","link":"https:\/\/metaldetoks.pl\/?page_id=14","title":{"rendered":"Oferta"},"content":{"rendered":"\n<p class=\"has-text-color has-large-font-size\" style=\"color:#f00307\"><strong>Aktualnie przyjmujemy zapisy wy\u0142\u0105cznie na list\u0119 rezerwow\u0105:<br>kontakt@metaldetoks.pl<\/strong><\/p>\n\n\n\n<p><span style=\"color:#ee0b0f\" class=\"has-inline-color\">Osoby z listy rezerwowej b\u0119d\u0105 na bie\u017c\u0105co informowane<br>o zbli\u017caj\u0105cych si\u0119 szkoleniach, konferencjach i webinarach z udzia\u0142em<br>dr n. med. Piotra Witczaka<\/span><\/p>\n\n\n\n<p class=\"has-text-align-center\">Konsultacje prowadzi dr n. med. Piotr Witczak &#8211; naukowiec, analityk technologii medycznych i dietetyk &lt;<a href=\"http:\/\/metaldetoks.pl\/?page_id=2\">O mnie<\/a>&gt;. Podstawowy zakres konsultacji to <a href=\"http:\/\/metaldetoks.pl\/?page_id=17(otworzy%20si%C4%99%20w%20nowej%20zak%C5%82adce)\">Holistyczny Program Odnowy Organizmu<\/a> &#8211; bezpieczna i skuteczna terapia holistyczna oparta na trzech filarach: detoksykacji, suplementacji i diecie.<\/p>\n\n\n\n<p>&#8212;&#8212;&#8212;&#8212;&#8212;&#8212;&#8212;&#8212;&#8212;&#8212;&#8212;&#8212;&#8212;&#8212;&#8212;&#8212;&#8212;&#8212;&#8212;&#8212;&#8212;&#8212;&#8212;&#8212;&#8212;&#8212;&#8212;&#8212;&#8211;<\/p>\n\n\n\n<p><strong>ZDALNA KONSULTACJA WST\u0118PNA <\/strong>(pierwsza rozmowa)<br><strong>300 PLN<\/strong>, w tym:<br>-rozmowa telefoniczna lub video-rozmowaonline (do 60 min)<br>-przes\u0142anie wst\u0119pnych zalece\u0144 na podany przez Pacjenta adres e-mail<br>-interpretacja wype\u0142nionej ankiety (obowi\u0105zkowa)<\/p>\n\n\n\n<p>Ankieta do pobrania:<br><a href=\"http:\/\/metaldetoks.pl\/wp-content\/uploads\/2024\/06\/Ankieta_dzieci_2023.docx\">dzieci<\/a><br><a href=\"http:\/\/metaldetoks.pl\/wp-content\/uploads\/2024\/06\/Ankieta_dorosli_2023.docx\">doro\u015bli<\/a><\/p>\n\n\n\n<p>Preferowane badania minimum: pe\u0142na morfologia<br>Inne:<br><em>*<\/em><strong><em>surowica\/krew:<\/em><\/strong><em> pe\u0142na morfologia z rozmazem, kreatynina, glukoza, insulina, lipidogram, pr\u00f3by w\u0105trobowe, ceruloplazmina, ferrytyna, TSH, FT3, FT4, amoniak\/mocznik, witamina D, holo-TC , magnez, potas, s\u00f3d, wap\u0144<br>*<strong>mocz: <\/strong>badanie og\u00f3lne moczu<br>*<strong>w\u0142os:<\/strong> analiza pierwiastkowa w\u0142osa (<\/em><a href=\"https:\/\/genom.com.pl\/badanie\/analiza-pierwiastkowa-wlosow\/\">https:\/\/genom.com.pl\/badanie\/analiza-pierwiastkowa-wlosa\/<\/a><em> &#8211; nale\u017cy wybra\u0107 opcj\u0119 ostatni\u0105 \u201eanaliza pierwiastkowa w\u0142osa&#8221; &#8211; <strong>Laboratorium: Doctor\u2019s Data<\/strong>) &#8211; kod rabatowy PW2020<\/em><\/p>\n\n\n\n<p>&#8212;&#8212;&#8212;&#8212;&#8212;&#8212;&#8212;&#8212;&#8212;&#8212;&#8212;&#8212;&#8212;&#8212;&#8212;&#8212;&#8212;&#8212;&#8212;&#8212;&#8212;&#8212;&#8212;&#8212;&#8212;&#8212;&#8212;&#8212;&#8211;<\/p>\n\n\n\n<p><strong>ZDALNA KONSULTACJA<\/strong> (kolejna rozmowa)<br><strong>250 PLN<\/strong>, w tym:<br>-rozmowa telefoniczna lub video-rozmowa online (do 60 min)<\/p>\n\n\n\n<p>&#8212;&#8212;&#8212;&#8212;&#8212;&#8212;&#8212;&#8212;&#8212;&#8212;&#8212;&#8212;&#8212;&#8212;&#8212;&#8212;&#8212;&#8212;&#8212;&#8212;&#8212;&#8212;&#8212;&#8212;&#8212;&#8212;&#8212;&#8212;&#8211;<\/p>\n\n\n\n<p><strong>WIZYTA W GABINECIE<\/strong><br>(koszt i miejsce &#8211; okolice Warszawy &#8211; przekazywane w prywatnej wiadomo\u015bci), w tym:<br>-rozmowa (do 60 min)<br>-przes\u0142anie wst\u0119pnych zalece\u0144 na podany przez Pacjenta adres e-mail<br>-interpretacja wype\u0142nionej ankiety (obowi\u0105zkowa)<\/p>\n\n\n\n<p>&#8212;&#8212;&#8212;&#8212;&#8212;&#8212;&#8212;&#8212;&#8212;&#8212;&#8212;&#8212;&#8212;&#8212;&#8212;&#8212;&#8212;&#8212;&#8212;&#8212;&#8212;&#8212;&#8212;&#8212;&#8212;&#8212;&#8212;&#8212;&#8211;<\/p>\n\n\n\n<p><strong>ABONAMENT NA KORESPONDENCJE MAILOWE<\/strong><br><strong>250-800 PLN<\/strong>, w tym:<br><strong>&#8211;<\/strong>wymiana wiadomo\u015bci e-mail z dr n. med. Piotrem Witczakiem: <strong><a href=\"mailto:konsultacja@metaldetoks.pl\">konsultacje@metaldetoks.pl<\/a><\/strong><br>-koszt 1 odpowiedzi e-mail szacowany jest na podstawie czasu niezb\u0119dnego na opracowanie:<br>50 PLN (&lt;5 min)<br>100 PLN (5-10 min)<br>150 PLN (10-30 min)<br>250 PLN (30-60 min)<br>-nie udziela si\u0119 odpowiedzi na wiadomo\u015b\u0107, kt\u00f3rej szacunkowy czas przygotowania przekracza 60 min, w zamian Pacjentowi zaproponowana b\u0119dzie rozmowa w ustalonym terminie<br>-powy\u017csze kwoty s\u0105 ka\u017cdorazowo potr\u0105cane z wykupionego wcze\u015bniej abonamentu po przes\u0142aniu przez dr n. med. Piotra Witczaka odpowiedzi mailowej, zgodnie z powy\u017cszym cennikiem<br>-minimalna kwota wp\u0142aty na abonament to 250 PLN, a maksymalna 1000 PLN<br>-abonament mo\u017ce by\u0107 przeznaczony r\u00f3wnie\u017c na konsultacj\u0119 telefoniczn\u0105\/online w ustalonym terminie<br>-pacjent zostanie ka\u017cdorazowo poinformowany zar\u00f3wno o braku \u015brodk\u00f3w, jak i o kwocie potr\u0105conej z abonamentu<br>-fundusze w ramach abonamentu nale\u017cy wykorzysta\u0107 w ci\u0105gu 24 miesi\u0119cy od daty przelewu, po tym czasie \u015brodki zostaj\u0105 anulowane<br>-odpowied\u017a na wiadomo\u015bci dotycz\u0105ce <strong>spraw organizacyjnych<\/strong> (np. ustalanie terminu) i <strong>wyja\u015bnie\u0144 w sprawie przes\u0142anych zalece\u0144<\/strong> s\u0105 <strong><u>bezp\u0142atne<\/u><\/strong><br>-czas oczekiwania na odpowied\u017a zazwyczaj 1-7 dni<\/p>\n\n\n\n<p>&#8212;&#8212;&#8212;&#8212;&#8212;&#8212;&#8212;&#8212;&#8212;&#8212;&#8212;&#8212;&#8212;&#8212;&#8212;&#8212;&#8212;&#8212;&#8212;&#8212;&#8212;&#8212;&#8212;&#8212;&#8212;&#8212;&#8212;&#8212;&#8211;<\/p>\n\n\n\n<p><strong>ISTNIEJE MO\u017bLIWO\u015a\u0106 WYSTAWIENIA FAKTURY<\/strong> <\/p>\n","protected":false},"excerpt":{"rendered":"<p>Aktualnie przyjmujemy zapisy wy\u0142\u0105cznie na list\u0119 rezerwow\u0105:kontakt@metaldetoks.pl Osoby z listy rezerwowej b\u0119d\u0105 na bie\u017c\u0105co informowaneo zbli\u017caj\u0105cych si\u0119 szkoleniach, konferencjach i webinarach z udzia\u0142emdr n. med. Piotra Witczaka Konsultacje prowadzi dr n. med. Piotr Witczak &#8211; naukowiec, analityk technologii medycznych i dietetyk &lt;O mnie&gt;. Podstawowy zakres konsultacji to Holistyczny Program Odnowy Organizmu &#8211; bezpieczna i skuteczna [&hellip;]<\/p>\n","protected":false},"author":1,"featured_media":0,"parent":0,"menu_order":0,"comment_status":"closed","ping_status":"closed","template":"","meta":[],"_links":{"self":[{"href":"https:\/\/metaldetoks.pl\/index.php?rest_route=\/wp\/v2\/pages\/14"}],"collection":[{"href":"https:\/\/metaldetoks.pl\/index.php?rest_route=\/wp\/v2\/pages"}],"about":[{"href":"https:\/\/metaldetoks.pl\/index.php?rest_route=\/wp\/v2\/types\/page"}],"author":[{"embeddable":true,"href":"https:\/\/metaldetoks.pl\/index.php?rest_route=\/wp\/v2\/users\/1"}],"replies":[{"embeddable":true,"href":"https:\/\/metaldetoks.pl\/index.php?rest_route=%2Fwp%2Fv2%2Fcomments&post=14"}],"version-history":[{"count":97,"href":"https:\/\/metaldetoks.pl\/index.php?rest_route=\/wp\/v2\/pages\/14\/revisions"}],"predecessor-version":[{"id":590,"href":"https:\/\/metaldetoks.pl\/index.php?rest_route=\/wp\/v2\/pages\/14\/revisions\/590"}],"wp:attachment":[{"href":"https:\/\/metaldetoks.pl\/index.php?rest_route=%2Fwp%2Fv2%2Fmedia&parent=14"}],"curies":[{"name":"wp","href":"https:\/\/api.w.org\/{rel}","templated":true}]}}