{"id":2,"date":"2019-06-09T10:46:34","date_gmt":"2019-06-09T10:46:34","guid":{"rendered":"http:\/\/wp-4-9-8.autoinstalator.eu\/?page_id=2"},"modified":"2022-03-07T08:15:38","modified_gmt":"2022-03-07T07:15:38","slug":"przykladowa-strona","status":"publish","type":"page","link":"https:\/\/metaldetoks.pl\/?page_id=2","title":{"rendered":"O mnie"},"content":{"rendered":"\n<div class=\"wp-block-image\"><figure class=\"aligncenter\"><img loading=\"lazy\" width=\"768\" height=\"1024\" src=\"http:\/\/metaldetoks.pl\/wp-content\/uploads\/2020\/07\/IMG_6733-768x1024.jpg\" alt=\"\" class=\"wp-image-427\" srcset=\"https:\/\/metaldetoks.pl\/wp-content\/uploads\/2020\/07\/IMG_6733-768x1024.jpg 768w, https:\/\/metaldetoks.pl\/wp-content\/uploads\/2020\/07\/IMG_6733-225x300.jpg 225w, https:\/\/metaldetoks.pl\/wp-content\/uploads\/2020\/07\/IMG_6733-900x1200.jpg 900w, https:\/\/metaldetoks.pl\/wp-content\/uploads\/2020\/07\/IMG_6733-1280x1707.jpg 1280w, https:\/\/metaldetoks.pl\/wp-content\/uploads\/2020\/07\/IMG_6733.jpg 1536w\" sizes=\"(max-width: 768px) 100vw, 768px\" \/><\/figure><\/div>\n\n\n\n<p class=\"has-text-align-center\"><strong><a href=\"https:\/\/nauka-polska.pl\/#\/profile\/scientist?id=262721&amp;_k=fiky59\">Dr n. med. Piotr Witczak<\/a><\/strong><br> <strong>w dziedzinie biologii medycznej ze specjalno\u015bci\u0105 w immunologii<\/strong><br><\/p>\n\n\n\n<p class=\"has-text-align-center\">Moja pasja to kombinacja kilku wzajemnie uzupe\u0142niaj\u0105cych si\u0119 dziedzin, w szczeg\u00f3lno\u015bci dietetyki, fizjologii, biochemii, immunologii i toksykologii. Jedn\u0105 z przyczyn pora\u017cki wsp\u00f3\u0142czesnej medycyny w leczeniu wielu chor\u00f3b przewlek\u0142ych to brak holistycznego, interdyscyplinarnego podej\u015bcia do pacjenta. Leczenie, kt\u00f3re nie jest poparte wiedz\u0105 z zakresu fizjologii i biochemii, nie uwzgl\u0119dnia reakcji uk\u0142adu odporno\u015bciowego na sk\u0142adniki pokarmowe oraz omija problem wp\u0142ywu toksycznych pierwiastk\u00f3w na organizm, nigdy nie b\u0119d\u0105 &#8222;holistyczne&#8221;, tym samym nie b\u0119dzie wystarczaj\u0105co skuteczne.  <\/p>\n\n\n\n<p class=\"has-text-align-center\">Paradoksalnie, pomimo licznych przes\u0142anek naukowych, moje podej\u015bcie do dietetyki i suplementacji jest niekonwencjonalne. Pogarszaj\u0105cy si\u0119 stan zdrowia wsp\u00f3\u0142czesnego spo\u0142ecze\u0144stwa jest niezbitym dowodem na to, \u017ce obecna koncepcja od\u017cywiania i leczenia wymaga radykalnych zmian w kierunku holistycznym. Trafnie uj\u0105\u0142 to Albert Einstein &#8222;Szale\u0144stwem jest robi\u0107 wci\u0105\u017c to samo i oczekiwa\u0107 r\u00f3\u017cnych rezultat\u00f3w&#8221;. Je\u015bli nie zaczniemy my\u015ble\u0107 i dzia\u0142a\u0107 niekonwencjonalnie, to nigdy nie wygramy z post\u0119puj\u0105c\u0105 epidemi\u0105 chor\u00f3b przewlek\u0142ych.<\/p>\n\n\n\n<p><\/p>\n\n\n\n<p class=\"has-text-align-center\"> &#8212;&#8212;&#8212;&#8212;&#8212;&#8212;&#8212;&#8212;&#8212;&#8212;&#8212;&#8212;&#8212;&#8212;&#8212;&#8212;&#8212;&#8212;&#8212;&#8212;&#8212;-<br>BIOGRAFIA<br>&#8212;&#8212;&#8212;&#8212;&#8212;&#8212;&#8212;&#8212;&#8212;&#8212;&#8212;&#8212;&#8212;&#8212;&#8212;&#8212;&#8212;&#8212;&#8212;&#8212;&#8212;&#8211;<br><\/p>\n\n\n\n<p class=\"has-text-align-center\"><strong>2005-2010: Uniwersytet \u0141\u00f3dzki<\/strong><br>Badania nad wp\u0142ywem doksorubicyny i epirubicyny na wybrane parametry erytrocyt\u00f3w cz\u0142owieka<br><br><strong>2013-2015:<\/strong> <strong>Uniwersytet Medyczny w \u0141odzi<\/strong><br>Kierownik projektu badawczego &#8222;Odpowied\u017a mastocyt\u00f3w na stymulacj\u0119 syntetycznymi analogami genom\u00f3w wirusowych (ligandy TLR3 i TLR7)&#8221;  <br><br><strong>2015: Uniwersytet Medyczny w \u0141odzi <\/strong><br>Tytu\u0142 doktora nauk medycznych w dziedzinie biologii medycznej (specjalno\u015b\u0107: immunologia)<br><br><strong>2015-2020: Agencja Oceny Technologii Medycznych i Taryfikacji <\/strong><br>Analityk technologii medycznych, wyk\u0142adowca w dziedzinach <em>evidence-based medicine<\/em> i <em>health technology assessment<\/em><br><br><strong>2018 &#8211; 2019: Akademia Dietetyki<\/strong><br>Tytu\u0142 dietetyka<br><br><strong>2018-2020: Agencja Oceny Technologii Medycznych i Taryfikacji<\/strong><br>Koordynator merytoryczny projektu: &#8222;Racjonalne decyzje w systemie ochronie zdrowia, ze szczeg\u00f3lnym uwzgl\u0119dnieniem regionalnej polityki zdrowotnej&#8221;<\/p>\n\n\n\n<p><\/p>\n\n\n\n<p class=\"has-text-align-center\">&#8212;&#8212;&#8212;&#8212;&#8212;&#8212;&#8212;&#8212;&#8212;&#8212;&#8212;&#8212;&#8212;&#8212;&#8212;&#8212;&#8212;&#8212;&#8212;&#8212;&#8212;&#8212;&#8212;&#8212;&#8212;&#8212;&#8212;&#8212;-<br>PUBLIKACJE<br>&#8212;&#8212;&#8212;&#8212;&#8212;&#8212;&#8212;&#8212;&#8212;&#8212;&#8212;&#8212;&#8212;&#8212;&#8212;&#8212;&#8212;&#8212;&#8212;&#8212;&#8212;&#8212;&#8212;&#8212;&#8212;&#8212;&#8212;&#8212;-<\/p>\n\n\n\n<p><br>1. A. Marczak, K. Makowska, <strong>P. Witczak<\/strong>, Z. J\u00f3\u017awiak: Por\u00f3wnanie wp\u0142ywu doksorubicyny i epirubicyny na wybrane parametry erytrocyt\u00f3w cz\u0142owieka. Problemy Terapii Monitorowanej 2009: 20(3), p. 175-186,<br>2. <strong>P. Witczak<\/strong>, A. Marczak: The effect of aclarubicin (acl) on human erythrocytes. Current Topics in Biophysics 2011: 34(1), p. 23-29,<br>3. <strong>P. Witczak<\/strong>, E. Brzezi\u0144ska-B\u0142aszczyk: Toll-like receptor (TLR)-3 and 7\/8 ligation stimulates mast cells to cysteinyl leukotriene synthesis and release. 16-18.06.2011, Gda\u0144sk, XIV Zjazd Polskiego Towarzystwa Immunologii Do\u015bwiadczalnej i Klinicznej<br>4. E. B\u0105bolewska, <strong>P. Witczak<\/strong>, A. Pietrzak, E. Brzezi\u0144ska-B\u0142aszczyk: Diverse effects of bacterial cel wall components on mast cell cysteinyl leukotriene generation, 16-18.06.2011, Gda\u0144sk, XIV Zjazd Polskiego Towarzystwa Immunologii Do\u015bwiadczalnej i Klinicznej<br>5. E. B\u0105bolewska, <strong>P. Witczak<\/strong>, A. Pietrzak, E. Brzezi\u0144ska-B\u0142aszczyk: Different potency of bacterial antigens TLR2 and TLR4 ligands in stimulating mature mast cells to cysteinyl leukotriene synthesis. Microbiology and immunology 2012: 56(3), p.183-190,<br>6. <strong>P. Witczak<\/strong>, E. Brzezi\u0144ska-B\u0142aszczyk: Kom\u00f3rki tuczne w infekcjach wirusowych. Post\u0119py Higieny i Medycyny Do\u015bwiadczalnej 2012: 66, p. 231-241, <br>7. <strong>P. Witczak<\/strong>, E. Brzezi\u0144ska-B\u0142aszczyk: Are mast cells the Trojan horse in HIV-1 infection? Central European Journal of Immunology 2012: 37(4),<strong> <\/strong>p. 382-386,<br>8. <strong>P. Witczak<\/strong>, A. Pietrzak, A. S\u0142odka, E. Brzezi\u0144ska-B\u0142aszczyk: TLR3 ligation directly and indirectly affects mast cell cysteinyl leukotriene generation. Central European Journal of Immunology 2013: 38(3), p. 343-348.<br>9. <strong>P. Witczak<\/strong>, A. S\u0142odka, E. B\u0105bolewska, K. W\u00f3dz, E. Brzezi\u0144ska-B\u0142aszczyk: Mast cells generate cysteinyl leukotrienes and exhibit altered IgE-dependent releasability upon TLR3- and TLR7-mediated activation. Inflammation Research 2013: 62, suppl. 1, p. 26, <br>10. A. S\u0142odka, E. B\u0105bolewska, <strong>P. Witczak<\/strong>, E. Brzezi\u0144ska-B\u0142aszczyk: Mast cell biological responses can be affected by IgE alone. Inflammation Research 2013: 62, suppl. 1, p. 25,<br>11. E. B\u0105bolewska, A. S\u0142odka, <strong>P. Witczak<\/strong>, A. Pietrzak, E. Brzezi\u0144ska-B\u0142aszczyk: Host defense peptide cathelicidin LL-37 as a mast cell stimulus. Inflammation Research 2013: 62, suppl. 1, p. 26.<br>12. <strong>P. Witczak<\/strong>, A. Pietrzak, K. W\u00f3dz, E. Brzezi\u0144ska-B\u0142aszczyk: Mast cells generate cysteinyl leukotrienes and interferon-\u03b2 as well as evince impaired IgE-dependent degranulation upon TLR7 engagement. Indian Journal of Experimental Biology 2014, 52, 589-596.<br>13. <strong>P. Witczak<\/strong>, A. S\u0142odka, E. Brzezi\u0144ska-B\u0142aszczyk: TLR3- and TLR7-mediated phenotype alterations and interferon type I synthesis as and evidence for mast cell role in viral infections. 23-25.XI.2014, \u0141\u00f3d\u017a, XV Conference \u201cBiogenic Amines and Related Biologically Active Compounds\u201d <br>14.  <strong>P. Witczak<\/strong>, E. Brzezi\u0144ska-B\u0142aszczyk, J. Agier (2020). The Response of Tissue Mast Cells to TLR3 Ligand Poly (I: C) Treatment.&nbsp;<em>Journal of Immunology Research<\/em>,&nbsp;<em>2020<\/em>.<br> 15. Agier, J., Brzezi\u0144ska-B\u0142aszczyk, E., <strong>Witczak, P<\/strong>., Koz\u0142owska, E., &amp; \u017belechowska, P. (2020). The impact of TLR7 agonist R848 treatment on mast cell phenotype and activity.&nbsp;<em>Cellular Immunology<\/em>, 104241. <\/p>\n\n\n\n<p> <\/p>\n","protected":false},"excerpt":{"rendered":"<p>Dr n. med. Piotr Witczak w dziedzinie biologii medycznej ze specjalno\u015bci\u0105 w immunologii Moja pasja to kombinacja kilku wzajemnie uzupe\u0142niaj\u0105cych si\u0119 dziedzin, w szczeg\u00f3lno\u015bci dietetyki, fizjologii, biochemii, immunologii i toksykologii. Jedn\u0105 z przyczyn pora\u017cki wsp\u00f3\u0142czesnej medycyny w leczeniu wielu chor\u00f3b przewlek\u0142ych to brak holistycznego, interdyscyplinarnego podej\u015bcia do pacjenta. Leczenie, kt\u00f3re nie jest poparte wiedz\u0105 z [&hellip;]<\/p>\n","protected":false},"author":1,"featured_media":0,"parent":0,"menu_order":0,"comment_status":"closed","ping_status":"open","template":"","meta":[],"_links":{"self":[{"href":"https:\/\/metaldetoks.pl\/index.php?rest_route=\/wp\/v2\/pages\/2"}],"collection":[{"href":"https:\/\/metaldetoks.pl\/index.php?rest_route=\/wp\/v2\/pages"}],"about":[{"href":"https:\/\/metaldetoks.pl\/index.php?rest_route=\/wp\/v2\/types\/page"}],"author":[{"embeddable":true,"href":"https:\/\/metaldetoks.pl\/index.php?rest_route=\/wp\/v2\/users\/1"}],"replies":[{"embeddable":true,"href":"https:\/\/metaldetoks.pl\/index.php?rest_route=%2Fwp%2Fv2%2Fcomments&post=2"}],"version-history":[{"count":61,"href":"https:\/\/metaldetoks.pl\/index.php?rest_route=\/wp\/v2\/pages\/2\/revisions"}],"predecessor-version":[{"id":473,"href":"https:\/\/metaldetoks.pl\/index.php?rest_route=\/wp\/v2\/pages\/2\/revisions\/473"}],"wp:attachment":[{"href":"https:\/\/metaldetoks.pl\/index.php?rest_route=%2Fwp%2Fv2%2Fmedia&parent=2"}],"curies":[{"name":"wp","href":"https:\/\/api.w.org\/{rel}","templated":true}]}}