{"id":243,"date":"2019-08-05T12:42:07","date_gmt":"2019-08-05T10:42:07","guid":{"rendered":"http:\/\/metaldetoks.pl\/?page_id=243"},"modified":"2022-11-01T22:04:50","modified_gmt":"2022-11-01T21:04:50","slug":"strona-glowna","status":"publish","type":"page","link":"https:\/\/metaldetoks.pl\/","title":{"rendered":"Strona g\u0142\u00f3wna"},"content":{"rendered":"\n<p class=\"has-text-align-left\">Daria, mama Wiesi (6 lat):<\/p>\n\n\n\n<blockquote class=\"wp-block-quote\"><p>Obieca\u0142am sobie jedno. Ju\u017c nigdy wi\u0119cej nie poddam w w\u0105tpliwo\u015b\u0107 tego co czuj\u0119, co wiem, tego czego jestem pewna. Przez lata s\u0142ucha\u0142am od specjalist\u00f3w &#8222;Pani dziecko jest rozpuszczone jak dziadowski bicz&#8221;, &#8222;jest niegrzeczne&#8221;, &#8222;z\u0142e&#8221;, &#8222;z tego dziecka nic nie b\u0119dzie&#8221;, &#8222;ona nigdy nie usi\u0105dzie&#8221;, &#8222;nigdy nie b\u0119dzie chodzi\u0107, m\u00f3wi\u0107&#8221;, &#8222;do ko\u0144ca \u017cycia b\u0119dzie robi\u0107 pod siebie&#8221;, &#8222;nic nie rozumie&#8221;, &#8222;jest g\u0142\u0119boko upo\u015bledzona&#8221;, &#8222;czeka j\u0105 dom pomocy w przysz\u0142o\u015bci&#8221; , &#8222;jej szanse, rokowania s\u0105 r\u00f3wne zeru&#8221;&#8230; Dzi\u015b wiem, \u017ce si\u0119 mylili<\/p><\/blockquote>\n\n\n\n<p>Anna, mama Wojtka (5 lat):<\/p>\n\n\n\n<blockquote class=\"wp-block-quote\"><p>Odtruwajcie dzieci od tego syfu, kt\u00f3ry blokuje Ich \u017cycie. Nie tra\u0107cie nadziei. Jeste\u015bmy dopiero po 25 rundzie! Pisz\u0119 tego posta z dw\u00f3ch powod\u00f3w. Po pierwsze- jestem przeszcz\u0119\u015bliwa i nie da si\u0119 tego wyrazi\u0107 s\u0142owami. Po drugie- mia\u0142am przez ostatnie dwa lata wiele sytuacji kryzysowych zwi\u0105zanych z leczeniem syna, bywa\u0142o na prawd\u0119 ci\u0119\u017cko\u2026 Ale nigdy nie straci\u0142am nadziei na to, \u017ce uda si\u0119 mu pom\u00f3c.<\/p><\/blockquote>\n\n\n\n<p>Ma\u0142gorzata, mama Kai (7 lat):<\/p>\n\n\n\n<blockquote class=\"wp-block-quote\"><p>Obsesje na punkcie deszczu? Furia ze wzgl\u0119du na krople na ubraniu? BY\u0141O &#8211; MIN\u0118\u0141O!!!! <\/p><\/blockquote>\n\n\n\n<p>Katarzyna, mama Ewy (5 lat):<\/p>\n\n\n\n<blockquote class=\"wp-block-quote\"><p>Ko\u0144czymy 20 rund\u0119 &#8230;syn ma 5 lat i jest bardzo zaburzony&#8230;napisze w skr\u00f3cie co si\u0119 poprawi\u0142o po 19 rundach. Zanika wybiorczo\u015b\u0107 bardzo fajnie nam zacz\u0105\u0142 je\u015b\u0107. Po k\u0105pieli, by\u0142 p\u0142acz szala\u0142 strasznie p\u0142acz\u0105c 20 do 30 min, to trwa\u0142o od 3 roku \u017cycia&#8230;min\u0119\u0142o z 14 rund\u0105, nie wr\u00f3ci\u0142o. Ataki p\u0142aczu za ka\u017cdym razem jak wchodzi\u0142 do domu przychodz\u0105c z podw\u00f3rka, przedszkola itp&#8230;.p\u0142acz latanie rzucanie si\u0119 na pod\u0142og\u0119 itp. zachowanie nasilone po 18 rundzie i odesz\u0142o jeste\u015bmy 6 dni bez tego zachowania. Dziecko si\u0119 u\u015bmiecha wchodz\u0105c do domu. Krzyk i p\u0142acz przy wychodzeniu z przedszkola ok 6,7 miesi\u0119cy i odesz\u0142o ca\u0142kowicie, ponad miesi\u0105c bez tego zachowania. Szuka kontaktu z dzie\u0107mi g\u0142\u00f3wnie przez zabaw\u0119, dzieci go nie interesowa\u0142y wcze\u015bniej. Echolalia zamieniaj\u0105 si\u0119 w zdania&#8230;.\u015bpiewa piosenki g\u0142\u00f3wnie refreny ca\u0142e, m\u00f3wi\u0142 niewyra\u017anie tzn. pojedyncze s\u0142owa&#8230;.jest coraz lepiej.<\/p><\/blockquote>\n\n\n\n<p>Marta, mama Kacpra (5 lat):<\/p>\n\n\n\n<blockquote class=\"wp-block-quote\"><p>Zacz\u0119\u0142am ju\u017c suplementacj\u0119 dziecka, aby nasyci\u0107 organizm, i ju\u017c mamy ma\u0142e post\u0119py. Dziecko jest du\u017co spokojniejsze, nie musi ju\u017c wyskakiwa\u0107 z kanapy i przebiec kilka razy, zmniejszy\u0142a si\u0119 labilno\u015b\u0107 emocjonalna, nie wybucha ju\u017c p\u0142aczem przy odmowie lub je\u015bli co\u015b jest nie po jego my\u015bli. Wcze\u015bniej w sklepie potrafi\u0142 si\u0119 rozp\u0142aka\u0107, jakby kto\u015b go ze sk\u00f3ry obdziera\u0142, przy odmowie zakupu zabawki, chocia\u017c wiedzia\u0142 przed sklepem, \u017ce nie b\u0119dzie kupione. Teraz wystarczy powiedzie\u0107, \u017ce idziemy po zakupy spo\u017cywcze, bez zabawek i jest spok\u00f3j. To samo w domu, by\u0142 bardzo niecierpliwy zw\u0142aszcza na gor\u0105ce jedzenie, p\u0142aka\u0142 i m\u00f3wi\u0142 \u017ce nie wystygnie, teraz wie, \u017ce trzeba czeka\u0107 i sam dmucha. Ch\u0119tniej wykonuje polecenia, mamy d\u0142u\u017cszy kontakt wzrokowy i cz\u0119\u015bciej reaguje na imi\u0119. Przesta\u0142 wk\u0142ada\u0107 ca\u0142e r\u0119ce do buzi, jak r\u0119k\u0105 odj\u0105\u0142. Szybciej potrafi podj\u0105\u0107 decyzj\u0119, wpadaj\u0105 spontaniczne s\u0142owa. Mam wra\u017cenie, \u017ce jest bardziej \u015bwiadomy. Wiem, \u017ce to pocz\u0105tek ale to daje kopa do dalszego dzia\u0142ania<\/p><\/blockquote>\n\n\n\n<p>Paulina, mama Lusi (8 lat):<\/p>\n\n\n\n<blockquote class=\"wp-block-quote\"><p>Lusi tiki wyciszy\u0142y si\u0119 o 98% w trakcie rundy tez ich praktycznie nie ma. Amelka te\u017c czuje si\u0119 tylko lepiej, nie ma \u017cadnych zmian sk\u00f3rnych jak wcze\u015bniej. Ust\u0105pi\u0142y wszystkie niepokoj\u0105ce mnie objawy tj. b\u00f3le g\u0142owy, os\u0142abienie, md\u0142o\u015bci, wymioty, z kt\u00f3rymi mierzy\u0142a si\u0119 przed rozpocz\u0119ciem suplementacji. Z hipermobilno\u015bci\u0105 tez dzieje si\u0119 co\u015b dziwnego, bo \u0107wiczy jak szalona, skacze na trampolinie, chodzi na zaj\u0119cia sportowe i nie by\u0142o \u017cadnej kontuzji odk\u0105d j\u0105 suplementuje, czyli ponad p\u00f3\u0142 roku, a wcze\u015bniej nie by\u0142o miesi\u0105ca bez kontuzji, nie by\u0142o tygodnia bez b\u00f3lu kostek, kt\u00f3re ci\u0105gle nadwyr\u0119\u017ca\u0142a i skr\u0119ca\u0142a, nie zlicz\u0119 ile razy nosi\u0142a gips. Zapomnieli\u015bmy ju\u017c o stabilizuj\u0105cych kostki skarpetkach, kt\u00f3re dawniej musia\u0142a zak\u0142ada\u0107 na ka\u017cdy w-f, ka\u017cd\u0105 aktywno\u015b\u0107 fizyczn\u0105. Czasami jak si\u0119 przeforsuje, jak wczoraj by\u0142a z klasa w parku trampolin, to troch\u0119 bol\u0105 j\u0105 kostki, ale b\u00f3l mija bez opasek na kostki. Alergia (katar) tez ust\u0105pi\u0142a.&nbsp;<\/p><\/blockquote>\n","protected":false},"excerpt":{"rendered":"<p>Daria, mama Wiesi (6 lat): Obieca\u0142am sobie jedno. Ju\u017c nigdy wi\u0119cej nie poddam w w\u0105tpliwo\u015b\u0107 tego co czuj\u0119, co wiem, tego czego jestem pewna. Przez lata s\u0142ucha\u0142am od specjalist\u00f3w &#8222;Pani dziecko jest rozpuszczone jak dziadowski bicz&#8221;, &#8222;jest niegrzeczne&#8221;, &#8222;z\u0142e&#8221;, &#8222;z tego dziecka nic nie b\u0119dzie&#8221;, &#8222;ona nigdy nie usi\u0105dzie&#8221;, &#8222;nigdy nie b\u0119dzie chodzi\u0107, m\u00f3wi\u0107&#8221;, &#8222;do [&hellip;]<\/p>\n","protected":false},"author":1,"featured_media":0,"parent":0,"menu_order":0,"comment_status":"closed","ping_status":"closed","template":"","meta":[],"_links":{"self":[{"href":"https:\/\/metaldetoks.pl\/index.php?rest_route=\/wp\/v2\/pages\/243"}],"collection":[{"href":"https:\/\/metaldetoks.pl\/index.php?rest_route=\/wp\/v2\/pages"}],"about":[{"href":"https:\/\/metaldetoks.pl\/index.php?rest_route=\/wp\/v2\/types\/page"}],"author":[{"embeddable":true,"href":"https:\/\/metaldetoks.pl\/index.php?rest_route=\/wp\/v2\/users\/1"}],"replies":[{"embeddable":true,"href":"https:\/\/metaldetoks.pl\/index.php?rest_route=%2Fwp%2Fv2%2Fcomments&post=243"}],"version-history":[{"count":18,"href":"https:\/\/metaldetoks.pl\/index.php?rest_route=\/wp\/v2\/pages\/243\/revisions"}],"predecessor-version":[{"id":487,"href":"https:\/\/metaldetoks.pl\/index.php?rest_route=\/wp\/v2\/pages\/243\/revisions\/487"}],"wp:attachment":[{"href":"https:\/\/metaldetoks.pl\/index.php?rest_route=%2Fwp%2Fv2%2Fmedia&parent=243"}],"curies":[{"name":"wp","href":"https:\/\/api.w.org\/{rel}","templated":true}]}}