{"id":290,"date":"2019-08-19T20:10:08","date_gmt":"2019-08-19T18:10:08","guid":{"rendered":"http:\/\/metaldetoks.pl\/?page_id=290"},"modified":"2022-11-01T15:56:30","modified_gmt":"2022-11-01T14:56:30","slug":"protokol-cutlera-podstawy-naukowe-2","status":"publish","type":"page","link":"https:\/\/metaldetoks.pl\/?page_id=290","title":{"rendered":"Protok\u00f3\u0142 Cutlera &#8211; podstawy naukowe"},"content":{"rendered":"\n<p>Rt\u0119\u0107 ze wzgl\u0119du na szerokie rozpowszechnienie, status najbardziej toksycznego metalu ci\u0119\u017ckiego wyst\u0119puj\u0105cego w \u015brodowisku<a href=\"#_ftn1\">[1]<\/a> oraz wyj\u0105tkowo wszechstronne w\u0142a\u015bciwo\u015bci moduluj\u0105ce fizjologi\u0119 cz\u0142owieka<a href=\"#_ftn2\">[2]<\/a> mo\u017ce by\u0107 dominuj\u0105c\u0105 przyczyn\u0105 wielu przewlek\u0142ych schorze\u0144, kt\u00f3re medycyna okre\u015bla jako \u201eidiopatyczne\u201d. Metale ci\u0119\u017ckie maj\u0105 zdolno\u015b\u0107 do bioakumulacji<a href=\"#_ftn3\">[3]<\/a><a href=\"#_ftn4\">[4]<\/a>. Badania wykaza\u0142y transfer rt\u0119ci z organizmu matki do organizmu dziecka, zar\u00f3wno przez \u0142o\u017cysko do p\u0142odu w okresie prenatalnym, jak i do noworodka poprzez karmienie piersi\u0105<a href=\"#_ftn5\">[5]<\/a><a href=\"#_ftn6\">[6]<\/a>. Wsp\u00f3\u0142czesne pokolenie kobiet w wieku produkcyjnym to populacja, kt\u00f3ra przez ca\u0142y okres swojego \u017cycia mog\u0142a skumulowa\u0107 toksyczn\u0105 dla potomstwa pul\u0119 rt\u0119ci poprzez ekspozycj\u0119 nie tylko na tiomersal ze szczepionek, ale r\u00f3wnie\u017c w wyniku nara\u017cenia na cz\u0119ste i niskie dawki pochodz\u0105ce z amalgamat\u00f3w stomatologicznych<a href=\"#_ftn7\">[7]<\/a>, metylort\u0119ci obecnej w rybach i owocach morza<a href=\"#_ftn8\">[8]<\/a>, tatua\u017cy<a href=\"#_ftn9\">[9]<\/a> i wielu innych mniej istotnych \u017ar\u00f3de\u0142. Pr\u00f3bki w\u0142os\u00f3w pobrane od 1044 kobiet w wieku rozrodczym z 25 kraj\u00f3w rozwijaj\u0105cy si\u0119 i przechodz\u0105cych transformacj\u0119 wykaza\u0142y, \u017ce w 55% przypadkach poziom rt\u0119ci przekracza\u0142 dopuszczalne normy bezpiecze\u0144stwa<a href=\"#_ftn10\">[10]<\/a>. Nale\u017cy przy tym podkre\u015bli\u0107, \u017ce poziom metali ci\u0119\u017ckich we w\u0142osach mo\u017ce by\u0107 zani\u017cony i nie korespondowa\u0107 z obci\u0105\u017ceniem organizmu (tym bardziej poziomy w moczu i krwi, kt\u00f3re oznaczaj\u0105 bie\u017c\u0105c\u0105 ekspozycj\u0119). Paradoksalnie, niski poziom rt\u0119ci we w\u0142osach mo\u017ce oznacza\u0107 zmniejszon\u0105 zdolno\u015b\u0107 wydalania rt\u0119ci z organizmu, co z kolei mo\u017ce prowadzi\u0107 do podwy\u017cszonego poziomu tego pierwiastka w m\u00f3zgu i innych tkankach<a href=\"#_ftn11\">[11]<\/a>.<\/p>\n\n\n\n<p>Badania naukowe potwierdzaj\u0105, \u017ce ALA jest chelatorem rt\u0119ci<a href=\"#_ftn12\">[12]<\/a>, przechodzi przez barier\u0119 krew-m\u00f3zg zapobiegaj\u0105c powodowanym przez rt\u0119\u0107 uszkodzeniom m\u00f3zgu<a href=\"#_ftn13\">[13]<\/a><a href=\"#_ftn14\">[14]<\/a> i zwi\u0119ksza wydalanie rt\u0119ci z ka\u0142em i moczem<a href=\"#_ftn15\">[15]<\/a><a href=\"#_ftn16\">[16]<\/a>. Dzi\u0119ki \u0142atwo\u015bci wch\u0142aniania z przewodu pokarmowego oraz zdolno\u015bci do przekraczania bariery krew-m\u00f3zg, egzogenny LA mo\u017ce dociera\u0107 do wi\u0119kszo\u015bci tkanek organizmu<a href=\"#_ftn17\">[17]<\/a>. Protok\u00f3\u0142 Cutlera opisany jest w dw\u00f3ch ksi\u0105\u017ckach: <em>Amalgam Illness: Diagnosis and Treatment<\/em><a href=\"#_ftn18\">[18]<\/a> i <em>The Mercury Detoxification Manual: A Guide to Mercury Chelation<a href=\"#_ftn19\">[19]<\/a>. <\/em>Istniej\u0105 liczne nieformalne \u015bwiadectwa poprawy funkcjonowania dzieci z ASD po zastosowaniu protoko\u0142u Cutlera<a href=\"#_ftn20\">[20]<\/a>.<\/p>\n\n\n\n<p>James P.K. Rooney w 2007 r. w czasopi\u015bmie <em>Toxicology <\/em>zwr\u00f3ci\u0142 uwag\u0119 na rol\u0119 kwasu alfa-liponowego (ALA) w leczeniu zatrucia rt\u0119ci\u0105 i wspomnia\u0142 o metodzie chelatacji opracowanej przez A.H. Cutlera polegaj\u0105cej na zastosowaniu niskich i cz\u0119stych dawek ALA: <\/p>\n\n\n\n<blockquote class=\"wp-block-quote\"><p><em>Chocia\u017c nie jest to recenzowana publikacja, Cutler przedstawia przekonuj\u0105cy argument dotycz\u0105cy cz\u0119stotliwo\u015bci dawkowania chelator\u00f3w, kt\u00f3ry zas\u0142uguje na uwag\u0119 spo\u0142eczno\u015bci naukowej. Wydaje si\u0119, \u017ce ALA mo\u017ce mie\u0107 potencja\u0142 jako chelator rt\u0119ci, a z pracy Donatelli (1955) i Grunerta (1960) jasno wynika, \u017ce wp\u0142yw ALA na toksyczno\u015b\u0107 rt\u0119ci zale\u017cy od wielko\u015bci dawki i roz\u0142o\u017cenia dawek w czasie<\/em><a href=\"#_ftn21\">[21]<\/a><em>.<\/em><\/p><\/blockquote>\n\n\n\n<p>A.H. Cutler jako pierwszy zauwa\u017cy\u0142, \u017ce podstaw\u0105 skutecznej i bezpiecznej chelatacji jest stosowanie zwi\u0105zk\u00f3w chelatuj\u0105cych (chodzi g\u0142\u00f3wnie o ALA, kwas dimerkaptobursztynowy (DMSA), kwas 2,3-dimerkapto-1-propanosulfonowy (DMPS)) zgodnie z ich farmakokinetyk\u0105 (zmiany st\u0119\u017cenia zwi\u0105zku lub jego metabolit\u00f3w w ustroju w czasie \u2013 przyp. red.), co minimalizuje redystrybucj\u0119 metali ci\u0119\u017ckich do tkanek wra\u017cliwych o najwy\u017cszym powinowactwie do metali ci\u0119\u017ckich<a href=\"#_ftn22\">[22]<\/a>. Dotychczas \u017cadna metoda detoksykacji nie uwzgl\u0119dnia\u0142a tych zasad.<\/p>\n\n\n\n<p><em>Fenomen protoko\u0142u Cutlera<\/em><\/p>\n\n\n\n<p>Dr Andrew Hall Cutler przez wiele lat pracowa\u0142 jako konsultant w bran\u017cy przemys\u0142owej oraz konsultant ds. zdrowia w Seatle. Posiada\u0142 tytu\u0142 doktora nauk chemicznych (Uniwersytet Princeton) i licencjat w dziedzinie fizyki (Uniwersytet Kalifornii).<\/p>\n\n\n\n<p>Przez ostatnie dekady na Ziemi \u017cy\u0142o miliardy ludzi. W\u015br\u00f3d nich nie brakowa\u0142o naukowych geniuszy, chemik\u00f3w, biochemik\u00f3w czy lekarzy z pasj\u0105. Zastanawiaj\u0105ce jest, \u017ce pogr\u0105\u017cona w toksynach \u015brodowiskowych planeta dotychczas opr\u00f3cz dr Cutlera nie mia\u0142a nikogo, kto opracowa\u0142by skuteczny i bezpieczny protok\u00f3\u0142 detoksykacji metali ci\u0119\u017ckich z uwzgl\u0119dnieniem fundamentalnych praw fizykochemii. Jak to jest mo\u017cliwe? W dosy\u0107 bezpo\u015bredni spos\u00f3b wyja\u015bnia to sam dr Cutler:<\/p>\n\n\n\n<blockquote class=\"wp-block-quote\"><p>Moje osobiste do\u015bwiadczenie z uniwersytetami jest takie, \u017ce ludzie NIGDY, NIGDY, NIGDY i PRZENIGDY, W \u017bADNYCH OKOLICZNO\u015aCI, BEZ WZGL\u0118DU NA WSZYSTKO, nie poznaj\u0105 wiedzy spoza swoich obszar\u00f3w specjalizacji po tym jak uzyskuj\u0105 tytu\u0142 naukowy doktora. Tego si\u0119 po prostu nie robi. Robi\u0105c to osobi\u015bcie by\u0142em swojego rodzaju odmie\u0144cem. Podczas gdy wiele m\u00f3wi si\u0119 o dzia\u0142aniach interdyscyplinarnych, to prawie nigdy tego si\u0119 nie robi, poniewa\u017c ludzie nie poznaj\u0105 innych dziedzin nawet w stopniu umo\u017cliwiaj\u0105cym im komunikacj\u0119 i definiowanie projekt\u00f3w badawczych (mog\u0119 za to r\u0119czy\u0107 w odniesieniu do chemii). Tak wi\u0119c, pracuj\u0105cy na uczelni chemik nie ma \u015brodowiska zawodowego, kt\u00f3re sprzyja\u0142oby uczeniu si\u0119 takich rzeczy, jak kinetyka in\u017cynierii chemicznej lub chemia opisowa nieorganiczna (w tym, w jaki spos\u00f3b rt\u0119\u0107 wi\u0105\u017ce si\u0119 z innymi obiektami i jakie tworzy kompleksy)<\/p><\/blockquote>\n\n\n\n<p>G\u0142\u00f3wn\u0105 przyczyn\u0105 obecnego stanu wiedzy na temat detoksykacji metali ci\u0119\u017ckich jest zatem brak podej\u015bcia interdyscyplinarnego i rzetelnej wymiany pogl\u0105d\u00f3w mi\u0119dzy poszczeg\u00f3lnymi dziedzinami nauki. Naukowcy zamykaj\u0105 si\u0119 w swoich w\u0105skich dyscyplinach i cz\u0119sto nie zaprz\u0119gaj\u0105 do w\u0142asnych projekt\u00f3w zdobyczy z innych obszar\u00f3w wiedzy, a takie podej\u015bcie zmniejsza szanse na rewolucyjne odkrycia. Nale\u017cy zwr\u00f3ci\u0107 uwag\u0119 na s\u0142owa klucze w powy\u017cszej wypowiedzi: \u201ekinetyka in\u017cynierii chemicznej\u201d. To, co wyr\u00f3\u017cnia protok\u00f3\u0142 Cutlera od innych metod detoksykacji metali ci\u0119\u017ckich to w\u0142a\u015bnie kinetyka \u2013 aspekt chemii schowany gdzie\u015b g\u0142\u0119boko w czelu\u015bciach tej dziedziny, nierzadko pomijany w biochemii i naukach pokrewnych, swoiste \u201ebrakuj\u0105ce ogniowo\u201d skutecznej detoksykacji metali ci\u0119\u017ckich. Jak zauwa\u017cy\u0142 dr Cutler:<\/p>\n\n\n\n<blockquote class=\"wp-block-quote\"><p><em>Kinetyka nie jest czym\u015b powszechnym dla chemik\u00f3w, a ta konkretna [zwi\u0105zana z chelatacj\u0105 metali ci\u0119\u017ckich \u2013 przyp. autora] dziedzina kinetyki jest in\u017cynieri\u0105 chemiczn\u0105, przy czym, in\u017cynier chemii nigdy nie b\u0119dzie wiedzia\u0142 wystarczaj\u0105co du\u017co na temat chemii opisowej, aby rozgry\u017a\u0107 pozosta\u0142\u0105 cz\u0119\u015b\u0107 niezb\u0119dnego materia\u0142u. Co wi\u0119cej, znaczna cz\u0119\u015b\u0107 biochemii, kt\u00f3r\u0105 znam i kt\u00f3ra tak\u017ce jest odr\u0119bn\u0105 dziedzin\u0105 chemii, nie jest powszechnie znana przez chemik\u00f3w, nawet je\u015bli pracuj\u0105 w obszarze takim jak ma to miejsce w przypadku Boyda Haleya. (\u2026). A wi\u0119c w zasadzie szcz\u0119\u015bcie sprawi\u0142o, \u017ce wielu ludzi zainteresowanych detoksykacj\u0105 rt\u0119ci doceni\u0142o mnie. Mam nadziej\u0119, \u017ce pojawi\u0105 si\u0119 inni z odpowiedni\u0105 wiedz\u0105. Wydaje mi si\u0119, \u017ce w przemy\u015ble i w \u015brodowiskach akademickich jest wystarczaj\u0105ca liczba os\u00f3b, kt\u00f3re r\u00f3wnie\u017c mog\u0105 to szybko zrozumie\u0107 lub nawet ju\u017c o tym [znaczeniu kinetyki w kontek\u015bcie chelatacji metali ci\u0119\u017ckich- przyp. autora] wiedzie\u0107, ale brakuje im osobistego do\u015bwiadczenia w postaci zatrucia ich organizmu, kt\u00f3re zmotywowa\u0142oby do zadawania fundamentalnych pyta\u0144 niezb\u0119dnych do u\u015bwiadomienia sobie, \u017ce literatura medyczna, grzecznie to ujmuj\u0105c, jest w b\u0142\u0119dzie na ten temat.<\/em><\/p><\/blockquote>\n\n\n\n<p>Dr Cutler powiedzia\u0142 wprost, \u017ce do poszukiwa\u0144 i opracowania protoko\u0142u przyczyni\u0142y si\u0119 przede wszystkim Jego w\u0142asne problemy zdrowotne, kt\u00f3re wynika\u0142y z zatrucia rt\u0119ci\u0105 pochodz\u0105c\u0105 z amalgamat\u00f3w. Zdrowie dr Cutlera zacz\u0119\u0142o podupada\u0107 w 1992 roku po umieszczeniu dw\u00f3ch wype\u0142nie\u0144 amalgamatowych, kt\u00f3re przekracza\u0142y lini\u0119 dzi\u0105s\u0142a. Od tamtego momentu regularnie odwiedza\u0142 swojego lekarza, najpierw z powodu alergii, nast\u0119pnie ze wzgl\u0119du na inne problemy zdrowotne. Zapytany kiedy\u015b o swoje objawy Andrew Cutler odpowiedzia\u0142: <\/p>\n\n\n\n<blockquote class=\"wp-block-quote\"><p>Brak koncentracji i umiej\u0119tno\u015bci prostego my\u015blenia, niemo\u017cno\u015b\u0107 usiedzenia w miejscu podczas czytania, problem ze skupieniem na odleg\u0142ych obiektach, wra\u017cliwo\u015b\u0107 na \u015bwiat\u0142o, brak zainteresowania, anhedonia, niech\u0119\u0107 do kontaktu z lud\u017ami, os\u0142abiona umiej\u0119tno\u015b\u0107 zrozumienia ich, przewlek\u0142e zm\u0119czenie, fibromialgia, ekstremalna alergia praktycznie na wszystko, astma, dr\u017cenie zamiarowe, depresja, okresowe os\u0142abienie w nogach i g\u00f3rnej cz\u0119\u015bci ramion, s\u0142aby os\u0105d, nasilona niestabilno\u015b\u0107 emocjonalna, wysokie ci\u015bnienie krwi, problemy ze s\u0142uchem i dzwonienie w uszach, niedoczynno\u015b\u0107 tarczycy, niski poziom testosteronu, nadmierna obj\u0119to\u015b\u0107 moczu. Gdybym si\u0119 postara\u0142, to prawdopodobnie przypomnia\u0142bym sobie jeszcze wi\u0119cej.<\/p><\/blockquote>\n\n\n\n<p>Lekarz Andy\u2019ego mia\u0142 rozleg\u0142\u0105 wiedz\u0119 z biochemii i wyrazi\u0142 sw\u00f3j niepok\u00f3j, kiedy dostrzeg\u0142 krew na wynikach bada\u0144 moczu. Zapyta\u0142 si\u0119 Andyego czy pracowa\u0142 z rt\u0119ci\u0105. Kiedy odpowied\u017a by\u0142a przecz\u0105ca, lekarz porzuci\u0142 temat i przeszed\u0142 do badania innych potencjalnych przyczyn. Ostatecznie krwinki czerwone przesta\u0142y si\u0119 pojawia\u0107 w moczu Andy\u2019ego i obaj zapomnieli o sprawie. Gdyby tylko lekarza zapyta\u0142 o ostatnie zabiegi dentystyczne [usuwanie amalgamat\u00f3w &#8211; przyp. autora] i zbada\u0142 Andyego w kierunku obci\u0105\u017cenia rt\u0119ci\u0105, to oszcz\u0119dzi\u0142by mu wielu lat cierpienia. Prawdopodobnie Andy kontynuowa\u0142by swoj\u0105 prac\u0119 jako konsultant techniczny i nigdy nie musia\u0142by kombinowa\u0107, jak si\u0119 odtru\u0107. Nie napisa\u0142by ksi\u0105\u017cki o zatruciu rt\u0119ci\u0105. Lekarz nie wiedzia\u0142, \u017ce to czego si\u0119 nauczy\u0142 o rt\u0119ci na uczelni medycznej by\u0142o niewystarczaj\u0105ce. Nie by\u0142 \u015bwiadom, \u017ce powinien bada\u0107 w kierunku zatrucia rt\u0119ci\u0105, mimo \u017ce Andy nigdy z ni\u0105 nie pracowa\u0142. Lekarze musz\u0105 mie\u0107 umiej\u0119tno\u015b\u0107 identyfikacji tysi\u0105ca r\u00f3\u017cnych chor\u00f3b, ale nie s\u0105 szkoleni w kierunku rozpoznania przewlek\u0142ego zatrucia rt\u0119ci\u0105. Lekarz Andy\u2019ego Cutlera pami\u0119ta\u0142 jakie s\u0105 symptomy zatrucia rt\u0119ci\u0105, ale mimo to przeoczy\u0142 diagnoz\u0119. To, \u017ce obecnie setki tysi\u0119cy os\u00f3b na ca\u0142ym \u015bwiecie stosuje protok\u00f3\u0142 Cutlera wynika nie tylko z determinacji autora protoko\u0142u, ale tak\u017ce z faktu, \u017ce rt\u0119ci\u0105 zatru\u0142 si\u0119 kto\u015b, kto mia\u0142 odpowiedni\u0105 wiedz\u0119 i umiej\u0119tno\u015bci:<\/p>\n\n\n\n<blockquote class=\"wp-block-quote\"><p><em>(\u2026) Mia\u0142em szcz\u0119\u015bcie by\u0107 kim\u015b o w\u0142a\u015bciwej wiedzy specjalistycznej, kt\u00f3ry sam i dla w\u0142asnego dobra musia\u0142 dociec, o co w tym [detoksykacji metali ci\u0119\u017ckich \u2013 przyp. autora] chodzi, i kt\u00f3ry m\u00f3g\u0142 przeczyta\u0107 (z du\u017c\u0105 trudno\u015bci\u0105) publikacje w j\u0119zyku rosyjskim, i dla kt\u00f3rego szukanie, czytanie oraz weryfikowanie poprawno\u015bci artyku\u0142\u00f3w naukowych (co prawie nigdy si\u0119 nie zdarza w warunkach akademickich) by\u0142o czym\u015b zupe\u0142nie naturalnym (nauczy\u0142em si\u0119 tego jako konsultant przemys\u0142owy)<\/em><\/p><\/blockquote>\n\n\n\n<hr class=\"wp-block-separator\"\/>\n\n\n\n<p><a href=\"#_ftnref1\">[1]<\/a> Jaishankar, Monisha, et al. &#8222;Toxicity, mechanism and health effects of some heavy metals.&#8221; Interdisciplinary toxicology 7.2 (2014): 60.<\/p>\n\n\n\n<p><a href=\"#_ftnref2\">[2]<\/a> Nabi, Shabnum. Toxic effects of mercury. Vol. 538. New Delhi, India:: Springer India, 2014.<\/p>\n\n\n\n<p><a href=\"#_ftnref3\">[3]<\/a>Ali, Hazrat, Ezzat Khan, and Ikram Ilahi. &#8222;Environmental chemistry and ecotoxicology of hazardous heavy metals: environmental persistence, toxicity, and bioaccumulation.&#8221; Journal of chemistry 2019 (2019).<\/p>\n\n\n\n<p><a href=\"#_ftnref4\">[4]<\/a> Yasuda, Hiroshi, et al. &#8222;Two age-related accumulation profiles of toxic metals.&#8221; Current aging science 5.2 (2012): 105-111.<\/p>\n\n\n\n<p><a href=\"#_ftnref5\">[5]<\/a> Chen, Zhu, et al. &#8222;Placental transfer and concentrations of cadmium, mercury, lead, and selenium in mothers, newborns, and young children.&#8221; Journal of exposure science &amp; environmental epidemiology 24.5 (2014): 537-544.<\/p>\n\n\n\n<p><a href=\"#_ftnref6\">[6]<\/a> Yang, Jianming, et al. &#8222;Maternal-fetal transfer of metallic mercury via the placenta and milk.&#8221; Annals of Clinical &amp; Laboratory Science 27.2 (1997): 135-141.<\/p>\n\n\n\n<p><a href=\"#_ftnref7\">[7]<\/a> Mutter, J., et al. &#8222;Amalgam studies: disregarding basic principles of mercury toxicity.&#8221; International journal of hygiene and environmental health 207.4 (2004): 391-397.<\/p>\n\n\n\n<p><a href=\"#_ftnref8\">[8]<\/a> Sakamoto, Mineshi, et al. &#8222;Health impacts and biomarkers of prenatal exposure to methylmercury: lessons from Minamata, Japan.&#8221; Toxics 6.3 (2018): 45.<\/p>\n\n\n\n<p><a href=\"#_ftnref9\">[9]<\/a> Prantsidis, A., et al. &#8222;Unusual mercury poisoning from tattoo dye.&#8221; Hippokratia 21.4 (2017): 197.<\/p>\n\n\n\n<p><a href=\"#_ftnref10\">[10]<\/a> Bell, L. &#8222;Global Report: Mercury in Women of Child-Bearing Age in 25 Countries.&#8221; Biodiversity Research Institute (BRI) (2017).<\/p>\n\n\n\n<p><a href=\"#_ftnref11\">[11]<\/a> Holmes, Amy S., Mark F. Blaxill, and Boyd E. Haley. &#8222;Reduced levels of mercury in first baby haircuts of autistic children.&#8221; International journal of toxicology 22.4 (2003): 277-285.<\/p>\n\n\n\n<p><a href=\"#_ftnref12\">[12]<\/a> Biewenga, Gerreke Ph, Guido RMM Haenen, and Aalt Bast. &#8222;The pharmacology of the antioxidant lipoic acid.&#8221; General Pharmacology: The Vascular System 29.3 (1997): 315-331.<\/p>\n\n\n\n<p><a href=\"#_ftnref13\">[13]<\/a> Packer L., Tritschler H.J., Wessel K.: Neuroprotection by the metabolic antioxidant alpha-lipoic acid. Free Radic. Biol. Med., 1997; 22: 359-378<\/p>\n\n\n\n<p><a href=\"#_ftnref14\">[14]<\/a> Baydas G., Donder E., Kiliboz M., Sonkaya E., Tuzcu M., Yasar A., Nedzvetskii V.S.: Neuroprotection by alpha-lipoic acid in streptozotocin-induced diabetes. Biochemistry (Mosc.), 2004; 69: 1001-1005<\/p>\n\n\n\n<p><a href=\"#_ftnref15\">[15]<\/a> Gregus, Zolt\u00e1n, et al. &#8222;Effect of lipoic acid on biliary excretion of glutathione and metals.&#8221; Toxicology and applied pharmacology 114.1 (1992): 88-96.<\/p>\n\n\n\n<p><a href=\"#_ftnref16\">[16]<\/a> Leskova, G. E. &#8222;Protective effect of lipoic acid amide in experimental mercurialism.&#8221; Gigiena truda i professional&#8217;nye zabolevaniia 6 (1979): 27<\/p>\n\n\n\n<p><a href=\"#_ftnref17\">[17]<\/a> Mali\u0144ska, Dominika, Katarzyna Winiarska, and Zak\u0142ad Regulacji Metabolizmu. &#8222;Kwas liponowy\u2013charakterystyka i zastosowanie w terapii* Lipoic acid: Characteristics and therapeutic application.&#8221; Postepy Hig Med Dosw.(online) 59 (2005): 535-543.<\/p>\n\n\n\n<p><a href=\"#_ftnref18\">[18]<\/a> Cutler, A., 1999. Amalgam Illness: Diagnosis and Treatment. SelfPublished, pp. 195\u2013196, 199\u2013208<\/p>\n\n\n\n<p><a href=\"#_ftnref19\">[19]<\/a> The Mercury Detoxification Manual: A Guide to Mercury Chelation, A book on how to cure mercury poisoning by Rebecca Rust Lee and Andrew Hall Cutler, PhD, PE, ISBN 978-0-9676168-4-1<\/p>\n\n\n\n<p><a href=\"#_ftnref20\">[20]<\/a> https:\/\/cutlersuccessstories.weebly.com\/ (dost\u0119p: 25.05.2022 r.)<\/p>\n\n\n\n<p><a href=\"#_ftnref21\">[21]<\/a> Rooney, James PK. &#8222;The role of thiols, dithiols, nutritional factors and interacting ligands in the toxicology of mercury.&#8221; Toxicology 234.3 (2007): 145-156.<\/p>\n\n\n\n<p><a href=\"#_ftnref22\">[22]<\/a> Cutler, A., 1999. Amalgam Illness: Diagnosis and Treatment. SelfPublished, pp. 195\u2013196, 199\u2013208<\/p>\n","protected":false},"excerpt":{"rendered":"<p>Rt\u0119\u0107 ze wzgl\u0119du na szerokie rozpowszechnienie, status najbardziej toksycznego metalu ci\u0119\u017ckiego wyst\u0119puj\u0105cego w \u015brodowisku[1] oraz wyj\u0105tkowo wszechstronne w\u0142a\u015bciwo\u015bci moduluj\u0105ce fizjologi\u0119 cz\u0142owieka[2] mo\u017ce by\u0107 dominuj\u0105c\u0105 przyczyn\u0105 wielu przewlek\u0142ych schorze\u0144, kt\u00f3re medycyna okre\u015bla jako \u201eidiopatyczne\u201d. Metale ci\u0119\u017ckie maj\u0105 zdolno\u015b\u0107 do bioakumulacji[3][4]. Badania wykaza\u0142y transfer rt\u0119ci z organizmu matki do organizmu dziecka, zar\u00f3wno przez \u0142o\u017cysko do p\u0142odu w [&hellip;]<\/p>\n","protected":false},"author":1,"featured_media":0,"parent":0,"menu_order":0,"comment_status":"closed","ping_status":"closed","template":"","meta":[],"_links":{"self":[{"href":"https:\/\/metaldetoks.pl\/index.php?rest_route=\/wp\/v2\/pages\/290"}],"collection":[{"href":"https:\/\/metaldetoks.pl\/index.php?rest_route=\/wp\/v2\/pages"}],"about":[{"href":"https:\/\/metaldetoks.pl\/index.php?rest_route=\/wp\/v2\/types\/page"}],"author":[{"embeddable":true,"href":"https:\/\/metaldetoks.pl\/index.php?rest_route=\/wp\/v2\/users\/1"}],"replies":[{"embeddable":true,"href":"https:\/\/metaldetoks.pl\/index.php?rest_route=%2Fwp%2Fv2%2Fcomments&post=290"}],"version-history":[{"count":4,"href":"https:\/\/metaldetoks.pl\/index.php?rest_route=\/wp\/v2\/pages\/290\/revisions"}],"predecessor-version":[{"id":480,"href":"https:\/\/metaldetoks.pl\/index.php?rest_route=\/wp\/v2\/pages\/290\/revisions\/480"}],"wp:attachment":[{"href":"https:\/\/metaldetoks.pl\/index.php?rest_route=%2Fwp%2Fv2%2Fmedia&parent=290"}],"curies":[{"name":"wp","href":"https:\/\/api.w.org\/{rel}","templated":true}]}}