{"id":389,"date":"2019-09-23T18:49:20","date_gmt":"2019-09-23T16:49:20","guid":{"rendered":"http:\/\/metaldetoks.pl\/?page_id=389"},"modified":"2026-01-14T13:53:53","modified_gmt":"2026-01-14T12:53:53","slug":"jak-przystapic-do-konsultacji","status":"publish","type":"page","link":"https:\/\/metaldetoks.pl\/?page_id=389","title":{"rendered":"Jak przyst\u0105pi\u0107 do konsultacji?"},"content":{"rendered":"\n<p><span style=\"color:#e60f33\" class=\"has-inline-color\"><strong>Aktualnie przyjmujemy zapisy wy\u0142\u0105cznie na list\u0119 rezerwow\u0105:<br>kontakt@metaldetoks.pl <\/strong><\/span><\/p>\n\n\n\n<p><span style=\"color:#e80a58\" class=\"has-inline-color\">Osoby z listy rezerwowej b\u0119d\u0105 na bie\u017c\u0105co informowane<br>o zbli\u017caj\u0105cych si\u0119 szkoleniach, konferencjach i webinarach z udzia\u0142em<\/span> <br><span style=\"color:#ec0e3e\" class=\"has-inline-color\">dr n. med. Piotra Witczaka <\/span><\/p>\n\n\n\n<p class=\"has-text-align-center\">\n\nKROK 1 \n\n<\/p>\n\n\n\n<p>Zapoznaj si\u0119 z:<br>&#8211; <a href=\"http:\/\/metaldetoks.pl\/?page_id=116\">regulaminem<\/a> konsultacji<br>&#8211; przepisami <a href=\"http:\/\/metaldetoks.pl\/?page_id=136\">RODO<\/a><br>&#8211; list\u0105 rekomendowanych bada\u0144 diagnostycznych &lt;<a href=\"http:\/\/metaldetoks.pl\/wp-content\/uploads\/2019\/08\/Lista-bada%C5%84.docx\">do pobrania<\/a>&gt; <\/p>\n\n\n\n<p class=\"has-text-align-center\">\n\n KROK 2  \n\n<\/p>\n\n\n\n<p> Sprawd\u017a aktualn\u0105 <a href=\"http:\/\/metaldetoks.pl\/?page_id=14\">Ofert\u0119<\/a><\/p>\n\n\n\n<p class=\"has-text-align-center\"> KROK 3   <\/p>\n\n\n\n<p> Wy\u015blij wiadomo\u015b\u0107 w celu uzyskania informacji na temat mo\u017cliwych termin\u00f3w realizacji us\u0142ugi i ceny:  <\/p>\n\n\n\n<ul><li>e-mail: <a href=\"mailto:konsultacje@metaldetoks.pl\">konsultacje@metaldetoks.pl<\/a> (mo\u017cna wys\u0142a\u0107 pro\u015bb\u0119 o kontakt telefoniczny) &#8211; czas odpowiedzi na wiadomo\u015bci dotycz\u0105ce rezerwacji: do trzech dni roboczych<\/li><\/ul>\n\n\n\n<p class=\"has-text-align-center\"> KROK 4  <\/p>\n\n\n\n<p> Po ustaleniu terminu i ceny us\u0142ugi dokonaj zap\u0142aty (przelew na konto)<br>&#8211; tytu\u0142 przelewu: konsultacja dietetyczna, imi\u0119 i nazwisko<br>&#8211; numer konta: 73 1140 2004 0000 3402 7972 4640  <br><br>Przelewy z zagranicy:<br>PL 73 1140 2004 0000 3402 7972 4640<br>Firma: Proremedium<br>Kod BIC\/SWIFT mBanku: BREXPLPWMBK<br>SORT CODE: 11402004 <\/p>\n\n\n\n<p class=\"has-text-align-center\"> KROK 5  <\/p>\n\n\n\n<p>Po przes\u0142aniu potwierdzenia przelewu na adres konsultacje@metaldetoks.pl otrzymasz odpowied\u017a z potwierdzeniem terminu konsultacji <\/p>\n\n\n\n<p class=\"has-text-align-center\">KROK 6 <\/p>\n\n\n\n<p>Wype\u0142nij ankiet\u0119, za\u0142\u0105cz wyniki bada\u0144 i wy\u015blij na adres: <a href=\"mailto:konsultacje@metaldetoks.pl\">konsultacje@metaldetoks.pl<\/a><br> Ankieta do pobrania:<br>&lt;<a href=\"http:\/\/metaldetoks.pl\/wp-content\/uploads\/2024\/06\/Ankieta_dzieci_2023.docx\">dzieci<\/a>&gt;<br>&lt;<a href=\"http:\/\/metaldetoks.pl\/wp-content\/uploads\/2024\/06\/Ankieta_dorosli_2023.docx\">doro\u015bli<\/a>&gt;  <\/p>\n","protected":false},"excerpt":{"rendered":"<p>Aktualnie przyjmujemy zapisy wy\u0142\u0105cznie na list\u0119 rezerwow\u0105:kontakt@metaldetoks.pl Osoby z listy rezerwowej b\u0119d\u0105 na bie\u017c\u0105co informowaneo zbli\u017caj\u0105cych si\u0119 szkoleniach, konferencjach i webinarach z udzia\u0142em dr n. med. Piotra Witczaka KROK 1 Zapoznaj si\u0119 z:&#8211; regulaminem konsultacji&#8211; przepisami RODO&#8211; list\u0105 rekomendowanych bada\u0144 diagnostycznych &lt;do pobrania&gt; KROK 2 Sprawd\u017a aktualn\u0105 Ofert\u0119 KROK 3 Wy\u015blij wiadomo\u015b\u0107 w celu uzyskania [&hellip;]<\/p>\n","protected":false},"author":1,"featured_media":0,"parent":0,"menu_order":0,"comment_status":"closed","ping_status":"closed","template":"","meta":[],"_links":{"self":[{"href":"https:\/\/metaldetoks.pl\/index.php?rest_route=\/wp\/v2\/pages\/389"}],"collection":[{"href":"https:\/\/metaldetoks.pl\/index.php?rest_route=\/wp\/v2\/pages"}],"about":[{"href":"https:\/\/metaldetoks.pl\/index.php?rest_route=\/wp\/v2\/types\/page"}],"author":[{"embeddable":true,"href":"https:\/\/metaldetoks.pl\/index.php?rest_route=\/wp\/v2\/users\/1"}],"replies":[{"embeddable":true,"href":"https:\/\/metaldetoks.pl\/index.php?rest_route=%2Fwp%2Fv2%2Fcomments&post=389"}],"version-history":[{"count":21,"href":"https:\/\/metaldetoks.pl\/index.php?rest_route=\/wp\/v2\/pages\/389\/revisions"}],"predecessor-version":[{"id":587,"href":"https:\/\/metaldetoks.pl\/index.php?rest_route=\/wp\/v2\/pages\/389\/revisions\/587"}],"wp:attachment":[{"href":"https:\/\/metaldetoks.pl\/index.php?rest_route=%2Fwp%2Fv2%2Fmedia&parent=389"}],"curies":[{"name":"wp","href":"https:\/\/api.w.org\/{rel}","templated":true}]}}