{"id":504,"date":"2022-11-03T21:41:09","date_gmt":"2022-11-03T20:41:09","guid":{"rendered":"http:\/\/metaldetoks.pl\/?page_id=504"},"modified":"2023-01-26T12:58:32","modified_gmt":"2023-01-26T11:58:32","slug":"bezpieczne-usuwanie-amalgamatow","status":"publish","type":"page","link":"https:\/\/metaldetoks.pl\/?page_id=504","title":{"rendered":"Bezpieczne usuwanie amalgamat\u00f3w"},"content":{"rendered":"\n<p>Europejskie Centrum Implantologii i&nbsp;Stomatologii Estetycznej<br>Prestige Dent, <br>ul. O\u0142awska 9<br>50-950 Wroc\u0142aw<br>663 677 777<br>rejestracja@prestigedent.com.pl<br>Godziny otwarcia gabinetu:<br>Pon-pt: 8:00 \u2013 20:00<br>Sob: 8:00 \u2013 14:00<br><a href=\"https:\/\/prestigedent.pl\/uslugi\/bezpieczne-usuwanie-amalgamatow-we-wroclawiu\/\">https:\/\/prestigedent.pl\/uslugi\/bezpieczne-usuwanie-amalgamatow-we-wroclawiu\/<\/a><\/p>\n\n\n\n<hr class=\"wp-block-separator\"\/>\n\n\n\n<p>Klinika Smile Dental Studio<br>ul. Sosnowa 8<br>62-007 Bugaj<br>503 050 625<br>kontak@smiledentalstudio.pl<br>Poniedz. \u2013 Pi\u0105tek: 9:00-17:00<br><a href=\"https:\/\/smiledentalstudio.pl\/amalgamaty\/\">https:\/\/smiledentalstudio.pl\/amalgamaty\/<\/a><\/p>\n\n\n\n<hr class=\"wp-block-separator\"\/>\n\n\n\n<p>Stomatologia Biologiczna Dr Nasterska<br>ul. Romaszewskiego 10<br>Warszawa<br>22 290 50 10<br>info@nasterska.eu<br>Pn \u2013 Pt &nbsp; 9:00 \u2013 17:00<br><a href=\"https:\/\/www.nasterska.eu\/leczenie\/bezpieczne-usuwanie-amalgamatow\/ \">https:\/\/www.nasterska.eu\/leczenie\/bezpieczne-usuwanie-amalgamatow\/ <\/a><\/p>\n\n\n\n<hr class=\"wp-block-separator\"\/>\n\n\n\n<p>Klinika Ident Stomatologia Implantologia<br>ul. Ogrody 14 Lok. 1<br>85-870 Bydgoszcz<br>793 792 855<br>518 177 328<br>ident.bydgoszcz@wp.pl<br>Poniedzia\u0142ek 9-17<br>Wtorek 9-19<br>\u015aroda 9-19<br>Czwartek 9-17<br>Pi\u0105tek 9-18<br><a href=\"https:\/\/ident.bydgoszcz.pl\/biologiczne-usuwanie-amalgamatow\/ \n\">https:\/\/ident.bydgoszcz.pl\/biologiczne-usuwanie-amalgamatow\/ <\/a><\/p>\n\n\n\n<p>BioClinic<br>ul. 18 stycznia 22<br>87-300 Brodnica<br>695 432 300<br>kontakt@bioclinic.pl<br>https:\/\/bioclinic.pl\/bezpieczne-usuwanie-amalgamatu<a href=\"https:\/\/ident.bydgoszcz.pl\/biologiczne-usuwanie-amalgamatow\/ \n\"><br><\/a><\/p>\n","protected":false},"excerpt":{"rendered":"<p>Europejskie Centrum Implantologii i&nbsp;Stomatologii EstetycznejPrestige Dent, ul. O\u0142awska 950-950 Wroc\u0142aw663 677 777rejestracja@prestigedent.com.plGodziny otwarcia gabinetu:Pon-pt: 8:00 \u2013 20:00Sob: 8:00 \u2013 14:00https:\/\/prestigedent.pl\/uslugi\/bezpieczne-usuwanie-amalgamatow-we-wroclawiu\/ Klinika Smile Dental Studioul. Sosnowa 862-007 Bugaj503 050 625kontak@smiledentalstudio.plPoniedz. \u2013 Pi\u0105tek: 9:00-17:00https:\/\/smiledentalstudio.pl\/amalgamaty\/ Stomatologia Biologiczna Dr Nasterskaul. Romaszewskiego 10Warszawa22 290 50 10info@nasterska.euPn \u2013 Pt &nbsp; 9:00 \u2013 17:00https:\/\/www.nasterska.eu\/leczenie\/bezpieczne-usuwanie-amalgamatow\/ Klinika Ident Stomatologia Implantologiaul. Ogrody 14 Lok. 185-870 [&hellip;]<\/p>\n","protected":false},"author":1,"featured_media":0,"parent":0,"menu_order":0,"comment_status":"closed","ping_status":"closed","template":"","meta":[],"_links":{"self":[{"href":"https:\/\/metaldetoks.pl\/index.php?rest_route=\/wp\/v2\/pages\/504"}],"collection":[{"href":"https:\/\/metaldetoks.pl\/index.php?rest_route=\/wp\/v2\/pages"}],"about":[{"href":"https:\/\/metaldetoks.pl\/index.php?rest_route=\/wp\/v2\/types\/page"}],"author":[{"embeddable":true,"href":"https:\/\/metaldetoks.pl\/index.php?rest_route=\/wp\/v2\/users\/1"}],"replies":[{"embeddable":true,"href":"https:\/\/metaldetoks.pl\/index.php?rest_route=%2Fwp%2Fv2%2Fcomments&post=504"}],"version-history":[{"count":2,"href":"https:\/\/metaldetoks.pl\/index.php?rest_route=\/wp\/v2\/pages\/504\/revisions"}],"predecessor-version":[{"id":535,"href":"https:\/\/metaldetoks.pl\/index.php?rest_route=\/wp\/v2\/pages\/504\/revisions\/535"}],"wp:attachment":[{"href":"https:\/\/metaldetoks.pl\/index.php?rest_route=%2Fwp%2Fv2%2Fmedia&parent=504"}],"curies":[{"name":"wp","href":"https:\/\/api.w.org\/{rel}","templated":true}]}}